{"id":889,"date":"2021-06-22T11:27:24","date_gmt":"2021-06-22T09:27:24","guid":{"rendered":"http:\/\/espe.upf.pf\/jre2021\/?page_id=889"},"modified":"2021-09-30T21:42:13","modified_gmt":"2021-09-30T19:42:13","slug":"comite-dorganisation","status":"publish","type":"page","link":"https:\/\/inspe.upf.pf\/jre2021\/comite-dorganisation\/","title":{"rendered":"Comit\u00e9 d&rsquo;organisation"},"content":{"rendered":"\t\t<div data-elementor-type=\"wp-page\" data-elementor-id=\"889\" class=\"elementor elementor-889\" data-elementor-settings=\"{&quot;ha_cmc_init_switcher&quot;:&quot;no&quot;}\">\n\t\t\t\t\t\t<section class=\"elementor-section elementor-top-section elementor-element elementor-element-7fe97b91 elementor-section-boxed elementor-section-height-default elementor-section-height-default\" data-id=\"7fe97b91\" data-element_type=\"section\" data-settings=\"{&quot;background_background&quot;:&quot;classic&quot;,&quot;_ha_eqh_enable&quot;:false}\">\n\t\t\t\t\t\t<div class=\"elementor-container elementor-column-gap-default\">\n\t\t\t\t\t<div class=\"elementor-column elementor-col-100 elementor-top-column elementor-element elementor-element-2b322e9c\" data-id=\"2b322e9c\" data-element_type=\"column\" data-settings=\"{&quot;background_background&quot;:&quot;classic&quot;}\">\n\t\t\t<div class=\"elementor-widget-wrap elementor-element-populated\">\n\t\t\t\t\t\t<div class=\"elementor-element elementor-element-1e451b9 elementor-widget elementor-widget-shortcode\" data-id=\"1e451b9\" data-element_type=\"widget\" data-widget_type=\"shortcode.default\">\n\t\t\t\t<div class=\"elementor-widget-container\">\n\t\t\t\t\t\t\t<div class=\"elementor-shortcode\">\n<table id=\"tablepress-3\" class=\"tablepress tablepress-id-3\">\n<tbody class=\"row-striping row-hover\">\n<tr class=\"row-1\">\n\t<td class=\"column-1\">Zehra GABILLON (Pr\u00e9sidente)<\/td><td class=\"column-2\">INSPE, Universit\u00e9 de la Polyn\u00e9sie Fran\u00e7aise<\/td>\n<\/tr>\n<tr class=\"row-2\">\n\t<td class=\"column-1\">Rodica AILINCAI<\/td><td class=\"column-2\">INSPE, Universit\u00e9 de la Polyn\u00e9sie Fran\u00e7aise<\/td>\n<\/tr>\n<tr class=\"row-3\">\n\t<td class=\"column-1\">Carole ATEM<\/td><td class=\"column-2\">INSPE, Universit\u00e9 de la Polyn\u00e9sie Fran\u00e7aise<\/td>\n<\/tr>\n<tr class=\"row-4\">\n\t<td class=\"column-1\">Catherine BATSCH<\/td><td class=\"column-2\">Vice-Rectorat de la Polyn\u00e9sie fran\u00e7aise, IA IPR<\/td>\n<\/tr>\n<tr class=\"row-5\">\n\t<td class=\"column-1\">Jean CHAUMINE<\/td><td class=\"column-2\">INSPE, Universit\u00e9 de la Polyn\u00e9sie Fran\u00e7aise<\/td>\n<\/tr>\n<tr class=\"row-6\">\n\t<td class=\"column-1\">Miriama CHEBRET<\/td><td class=\"column-2\">P\u00f4le Num\u00e9rique, ESPE, Universit\u00e9 de la Polyn\u00e9sie Fran\u00e7aise<\/td>\n<\/tr>\n<tr class=\"row-7\">\n\t<td class=\"column-1\">Matairea CADOUSTEAU<\/td><td class=\"column-2\">Universit\u00e9 de la Polyn\u00e9sie Fran\u00e7aise<\/td>\n<\/tr>\n<tr class=\"row-8\">\n\t<td class=\"column-1\">Sabine DUFAY<\/td><td class=\"column-2\">Universit\u00e9 de la Polyn\u00e9sie Fran\u00e7aise<\/td>\n<\/tr>\n<tr class=\"row-9\">\n\t<td class=\"column-1\">Ernest MARCHAL<\/td><td class=\"column-2\">Direction G\u00e9n\u00e9rale de l\u2019\u00c9ducation et des Enseignements (DGEE), IEN<\/td>\n<\/tr>\n<tr class=\"row-10\">\n\t<td class=\"column-1\">Mirose PAIA<\/td><td class=\"column-2\">Universit\u00e9 de la Polyn\u00e9sie Fran\u00e7aise<\/td>\n<\/tr>\n<tr class=\"row-11\">\n\t<td class=\"column-1\">Simon DEPREZ<\/td><td class=\"column-2\">Universit\u00e9 de la Polyn\u00e9sie Fran\u00e7aise<\/td>\n<\/tr>\n<tr class=\"row-12\">\n\t<td class=\"column-1\">Toarii POUIRA<\/td><td class=\"column-2\">P\u00f4le Num\u00e9rique, INSPE, Universit\u00e9 de la Polyn\u00e9sie Fran\u00e7aise<\/td>\n<\/tr>\n<tr class=\"row-13\">\n\t<td class=\"column-1\">Goenda REEA<\/td><td class=\"column-2\">Universit\u00e9 de la Polyn\u00e9sie Fran\u00e7aise<\/td>\n<\/tr>\n<tr class=\"row-14\">\n\t<td class=\"column-1\">Fabrice TESAN<\/td><td class=\"column-2\">P\u00f4le Num\u00e9rique, INSPE, Universit\u00e9 de la Polyn\u00e9sie Fran\u00e7aise<\/td>\n<\/tr>\n<tr class=\"row-15\">\n\t<td class=\"column-1\">Tehema TEITI<\/td><td class=\"column-2\">P\u00f4le Num\u00e9rique, INSPE, Universit\u00e9 de la Polyn\u00e9sie Fran\u00e7aise<\/td>\n<\/tr>\n<tr class=\"row-16\">\n\t<td class=\"column-1\">Jacques VERNAUDON<\/td><td class=\"column-2\">Universit\u00e9 de la Polyn\u00e9sie Fran\u00e7aise<\/td>\n<\/tr>\n<tr class=\"row-17\">\n\t<td class=\"column-1\">D\u00e9ana WONG<\/td><td class=\"column-2\">Universit\u00e9 de la Polyn\u00e9sie Fran\u00e7aise<\/td>\n<\/tr>\n<\/tbody>\n<\/table>\n<!-- #tablepress-3 from cache --><\/div>\n\t\t\t\t\t\t<\/div>\n\t\t\t\t<\/div>\n\t\t\t\t\t<\/div>\n\t\t<\/div>\n\t\t\t\t\t<\/div>\n\t\t<\/section>\n\t\t\t\t<section class=\"elementor-section elementor-top-section elementor-element elementor-element-55d4b1f1 elementor-section-boxed elementor-section-height-default elementor-section-height-default\" data-id=\"55d4b1f1\" data-element_type=\"section\" data-settings=\"{&quot;shape_divider_bottom&quot;:&quot;mountains&quot;,&quot;_ha_eqh_enable&quot;:false}\">\n\t\t\t\t\t<div class=\"elementor-shape elementor-shape-bottom\" data-negative=\"false\">\n\t\t\t<svg xmlns=\"http:\/\/www.w3.org\/2000\/svg\" viewBox=\"0 0 1000 100\" preserveAspectRatio=\"none\">\n\t<path class=\"elementor-shape-fill\" opacity=\"0.33\" d=\"M473,67.3c-203.9,88.3-263.1-34-320.3,0C66,119.1,0,59.7,0,59.7V0h1000v59.7 c0,0-62.1,26.1-94.9,29.3c-32.8,3.3-62.8-12.3-75.8-22.1C806,49.6,745.3,8.7,694.9,4.7S492.4,59,473,67.3z\"\/>\n\t<path class=\"elementor-shape-fill\" opacity=\"0.66\" d=\"M734,67.3c-45.5,0-77.2-23.2-129.1-39.1c-28.6-8.7-150.3-10.1-254,39.1 s-91.7-34.4-149.2,0C115.7,118.3,0,39.8,0,39.8V0h1000v36.5c0,0-28.2-18.5-92.1-18.5C810.2,18.1,775.7,67.3,734,67.3z\"\/>\n\t<path class=\"elementor-shape-fill\" d=\"M766.1,28.9c-200-57.5-266,65.5-395.1,19.5C242,1.8,242,5.4,184.8,20.6C128,35.8,132.3,44.9,89.9,52.5C28.6,63.7,0,0,0,0 h1000c0,0-9.9,40.9-83.6,48.1S829.6,47,766.1,28.9z\"\/>\n<\/svg>\t\t<\/div>\n\t\t\t\t\t<div class=\"elementor-container elementor-column-gap-default\">\n\t\t\t\t\t<div class=\"elementor-column elementor-col-100 elementor-top-column elementor-element elementor-element-b1a4ba6\" data-id=\"b1a4ba6\" data-element_type=\"column\">\n\t\t\t<div class=\"elementor-widget-wrap elementor-element-populated\">\n\t\t\t\t\t\t<div class=\"elementor-element elementor-element-47fbb218 elementor-widget elementor-widget-spacer\" data-id=\"47fbb218\" data-element_type=\"widget\" data-widget_type=\"spacer.default\">\n\t\t\t\t<div class=\"elementor-widget-container\">\n\t\t\t\t\t\t\t<div class=\"elementor-spacer\">\n\t\t\t<div class=\"elementor-spacer-inner\"><\/div>\n\t\t<\/div>\n\t\t\t\t\t\t<\/div>\n\t\t\t\t<\/div>\n\t\t\t\t\t<\/div>\n\t\t<\/div>\n\t\t\t\t\t<\/div>\n\t\t<\/section>\n\t\t\t\t<\/div>\n\t\t","protected":false},"excerpt":{"rendered":"","protected":false},"author":1,"featured_media":0,"parent":0,"menu_order":0,"comment_status":"closed","ping_status":"closed","template":"","meta":{"site-sidebar-layout":"no-sidebar","site-content-layout":"page-builder","ast-main-header-display":"","ast-hfb-above-header-display":"","ast-hfb-below-header-display":"","ast-hfb-mobile-header-display":"","site-post-title":"disabled","ast-breadcrumbs-content":"","ast-featured-img":"disabled","footer-sml-layout":"","theme-transparent-header-meta":"default","adv-header-id-meta":"","stick-header-meta":"default","header-above-stick-meta":"","header-main-stick-meta":"","header-below-stick-meta":"","footnotes":""},"class_list":["post-889","page","type-page","status-publish","hentry"],"acf":[],"_links":{"self":[{"href":"https:\/\/inspe.upf.pf\/jre2021\/wp-json\/wp\/v2\/pages\/889","targetHints":{"allow":["GET"]}}],"collection":[{"href":"https:\/\/inspe.upf.pf\/jre2021\/wp-json\/wp\/v2\/pages"}],"about":[{"href":"https:\/\/inspe.upf.pf\/jre2021\/wp-json\/wp\/v2\/types\/page"}],"author":[{"embeddable":true,"href":"https:\/\/inspe.upf.pf\/jre2021\/wp-json\/wp\/v2\/users\/1"}],"replies":[{"embeddable":true,"href":"https:\/\/inspe.upf.pf\/jre2021\/wp-json\/wp\/v2\/comments?post=889"}],"version-history":[{"count":25,"href":"https:\/\/inspe.upf.pf\/jre2021\/wp-json\/wp\/v2\/pages\/889\/revisions"}],"predecessor-version":[{"id":1369,"href":"https:\/\/inspe.upf.pf\/jre2021\/wp-json\/wp\/v2\/pages\/889\/revisions\/1369"}],"wp:attachment":[{"href":"https:\/\/inspe.upf.pf\/jre2021\/wp-json\/wp\/v2\/media?parent=889"}],"curies":[{"name":"wp","href":"https:\/\/api.w.org\/{rel}","templated":true}]}}